{"id":35,"date":"2022-05-06T11:01:39","date_gmt":"2022-05-06T09:01:39","guid":{"rendered":"https:\/\/attraversiamo.lu\/?page_id=35"},"modified":"2024-01-17T09:59:33","modified_gmt":"2024-01-17T08:59:33","slug":"iwwer-eis","status":"publish","type":"page","link":"https:\/\/attraversiamo.lu\/index.php\/iwwer-eis\/","title":{"rendered":"Iwwer Eis"},"content":{"rendered":"\n<div class=\"wp-block-media-text is-stacked-on-mobile is-vertically-aligned-center\" style=\"grid-template-columns:40% auto\"><figure class=\"wp-block-media-text__media\"><img decoding=\"async\" width=\"511\" height=\"520\" src=\"https:\/\/attraversiamo.lu\/wp-content\/uploads\/2022\/05\/331b1ac7125e071d180025b32dac1e55_520x520.png\" alt=\"\" class=\"wp-image-36 size-full\" srcset=\"https:\/\/attraversiamo.lu\/wp-content\/uploads\/2022\/05\/331b1ac7125e071d180025b32dac1e55_520x520.png 511w, https:\/\/attraversiamo.lu\/wp-content\/uploads\/2022\/05\/331b1ac7125e071d180025b32dac1e55_520x520-295x300.png 295w\" sizes=\"(max-width: 511px) 100vw, 511px\" \/><\/figure><div class=\"wp-block-media-text__content\">\n<p class=\"has-large-font-size\">Tanja<\/p>\n\n\n\n<p style=\"font-size:16px\">Joergang 1970.<br>Ech si Mamm vun dr\u00e4i Kanner, e liewensfrouen an naturverbonnene M\u00ebnsch dee g\u00e4ren seng Z\u00e4it mat l\u00e9iwe M\u00ebnsche verbr\u00e9ngt.<\/p>\n\n\n\n<p style=\"font-size:16px\">Zanter 4 Joer widmen ech meng Fr\u00e4iz\u00e4it m\u00e9i spirituellen an ganzheetlechen Themen\u2026 Medialit\u00e9it, Numerologie, Baachbl\u00e9ien an Emmett-Technique, d\u00e9i nees de M\u00ebnsch als Ganzt an de M\u00ebttelpunkt stellt.<\/p>\n\n\n\n<p style=\"font-size:16px\">Ech ginn zesummen mam Pascale Oster Coursen am Ber\u00e4ich Schamanismus, wat mir immens Spaass mecht. Doduerch sinn ech inspir\u00e9iert ginn Souls in Balance ze gr\u00ebnnen an ech sinn dovunner iwwerzeegt de Leit domat ze h\u00ebllefen e Schratt op sech selwer duer ze maachen\u2026<\/p>\n\n\n\n<p><a href=\"https:\/\/www.souls-in-balance.lu\/\" target=\"_blank\" rel=\"noreferrer noopener\">M\u00e9ng Webs\u00e4it: Souls in Balance<\/a><\/p>\n<\/div><\/div>\n\n\n\n<hr class=\"wp-block-separator has-css-opacity\"\/>\n\n\n\n<div class=\"wp-block-media-text has-media-on-the-right is-stacked-on-mobile is-vertically-aligned-center\" style=\"grid-template-columns:auto 40%\"><div class=\"wp-block-media-text__content\">\n<p class=\"has-large-font-size\">Myriam<\/p>\n\n\n\n<p style=\"font-size:16px\">Joergang 1979.<br>Ech sinn e liewensfrouen, l\u00ebschtegen, naturverbonnenen an oppene M\u00ebnsch. Reesen, Wanderen, mam Mupp spazeiere goen oder gemittlech zesumme s\u00ebtze mat Fr\u00ebnn, geh\u00e9ieren zu mengen \u201cAusz\u00e4iten vum Alldag\u201d. <\/p>\n\n\n\n<p style=\"font-size:16px\">Ech hunn eng ganz Rei Ausbildungen am spirituelle Ber\u00e4ich gemaach an hu mech op Medialit\u00e9it spezialis\u00e9iert. <\/p>\n\n\n\n<p style=\"font-size:16px\">Eng aner grouss Passioun vu mir ass et fir Tarotkaarten ze lee\u00ebn an do och meng Intuitioun derb\u00e4i ze notzen.<\/p>\n\n\n\n<p><br>Et ass mer wichteg de Leit ze h\u00ebllefen, an der Hoffnung hinne vl\u00e4it e kl\u00e9ngt St\u00e9ck weider ze h\u00ebllefen op hierem Wee\u2026<\/p>\n\n\n\n<p><a href=\"https:\/\/www.myriam-wiot.lu\/\" target=\"_blank\" rel=\"noreferrer noopener\">M\u00e9ng Webs\u00e4it: S\u00e9ileflillek<\/a><\/p>\n<\/div><figure class=\"wp-block-media-text__media\"><img decoding=\"async\" width=\"512\" height=\"520\" src=\"https:\/\/attraversiamo.lu\/wp-content\/uploads\/2022\/05\/355885bd116b404c6fe9d992bb20b053_520x520.png\" alt=\"\" class=\"wp-image-37 size-full\" srcset=\"https:\/\/attraversiamo.lu\/wp-content\/uploads\/2022\/05\/355885bd116b404c6fe9d992bb20b053_520x520.png 512w, https:\/\/attraversiamo.lu\/wp-content\/uploads\/2022\/05\/355885bd116b404c6fe9d992bb20b053_520x520-295x300.png 295w\" sizes=\"(max-width: 512px) 100vw, 512px\" \/><\/figure><\/div>\n\n\n\n<hr class=\"wp-block-separator has-css-opacity\"\/>\n\n\n\n<div class=\"wp-block-media-text is-stacked-on-mobile is-vertically-aligned-center\" style=\"grid-template-columns:40% auto\"><figure class=\"wp-block-media-text__media\"><img decoding=\"async\" width=\"512\" height=\"520\" src=\"https:\/\/attraversiamo.lu\/wp-content\/uploads\/2022\/05\/7dc430796f051717964181ffaa7345c3_520x520.png\" alt=\"\" class=\"wp-image-38 size-full\" srcset=\"https:\/\/attraversiamo.lu\/wp-content\/uploads\/2022\/05\/7dc430796f051717964181ffaa7345c3_520x520.png 512w, https:\/\/attraversiamo.lu\/wp-content\/uploads\/2022\/05\/7dc430796f051717964181ffaa7345c3_520x520-295x300.png 295w\" sizes=\"(max-width: 512px) 100vw, 512px\" \/><\/figure><div class=\"wp-block-media-text__content\">\n<p class=\"has-large-font-size\">Marie-Jo<\/p>\n\n\n\n<p style=\"font-size:16px\">Joergang 1975.<br>Ech si Mamm vun 2 Kanner an ech sinn e ganz liewensfrouhe M\u00ebnsch.<br>Aneren h\u00ebllefen l\u00e4it mir um H\u00e4erz.<br>Viru knapp zwee Jo\u00ebr huet d&#8217;Meditatioun mer Dieren zu spirituellen Themen opgemaach. Ech sinn nach ganz am Ufank vu mengem Wee, mee ech free\u00eb mech op d&#8217;Entw\u00e9cklung vun der grousser a spannender Rees. Aktuell besch\u00e4ftegen ech mech regelm\u00e9isseg mat Reiki, Lahochi grad w\u00e9i Schamanismus an \u00e9ischt Schr\u00ebtt an der Medialit\u00e9it si gemaach.<\/p>\n\n\n\n<p style=\"font-size:16px\">Ech si gespaant op alles wat d&#8217;Zukunft mer lo nach br\u00e9ngt\u2026<\/p>\n\n\n\n<p style=\"font-size:16px\"><a href=\"https:\/\/fiederliicht.lu\" target=\"_blank\" rel=\"noreferrer noopener\">M\u00e9ng Webs\u00e4it: Fiederliicht<\/a><\/p>\n<\/div><\/div>\n\n\n\n<hr class=\"wp-block-separator has-css-opacity\"\/>\n\n\n\n<div class=\"wp-block-media-text has-media-on-the-right is-stacked-on-mobile is-vertically-aligned-center\" style=\"grid-template-columns:auto 40%\"><div class=\"wp-block-media-text__content\">\n<p class=\"has-large-font-size\">Ren\u00e9e Anne<\/p>\n\n\n\n<p style=\"font-size:16px\">Joergang 1968.<br>Ech sinn e positiven a sozial engag\u00e9ierte M\u00ebnsch. Ech hunn e P\u00e4erd mat dem ech g\u00e4re vill Z\u00e4it verbr\u00e9ngen an ech kann och stonnelaang iwwert dat Thema P\u00e4erd schw\u00e4tzen.<\/p>\n\n\n\n<p style=\"font-size:16px\">An de leschte 7 Joer hunn ech vill Z\u00e4it dran invest\u00e9iert m\u00e4in intuitiivt a m\u00e9dialt W\u00ebssen a K\u00ebnnen ze entw\u00e9ckelen. Ech hunn dob\u00e4i och meng artistesch Oder entdeckt, d\u00e9i virun Allem am intuitive Molen an inspir\u00e9ierte Schw\u00e4tzen \u00ebmmer m\u00e9i duerch k\u00ebnnt.<\/p>\n\n\n\n<p style=\"font-size:16px\">De Schw\u00e9ierpunkt setzen ech op Energieaarbecht w\u00e9i Trance-healing, Reiki, Lahochi, a Kommunikatioun, souwuel mam M\u00ebnsch, w\u00e9i och mam D\u00e9ier\u2026<\/p>\n<\/div><figure class=\"wp-block-media-text__media\"><img decoding=\"async\" width=\"554\" height=\"551\" src=\"https:\/\/attraversiamo.lu\/wp-content\/uploads\/2022\/05\/renee2-ts1582129568.jpg\" alt=\"\" class=\"wp-image-42 size-full\" srcset=\"https:\/\/attraversiamo.lu\/wp-content\/uploads\/2022\/05\/renee2-ts1582129568.jpg 554w, https:\/\/attraversiamo.lu\/wp-content\/uploads\/2022\/05\/renee2-ts1582129568-300x298.jpg 300w, https:\/\/attraversiamo.lu\/wp-content\/uploads\/2022\/05\/renee2-ts1582129568-150x150.jpg 150w\" sizes=\"(max-width: 554px) 100vw, 554px\" \/><\/figure><\/div>\n\n\n\n<hr class=\"wp-block-separator has-css-opacity\"\/>\n\n\n\n<div class=\"wp-block-media-text is-stacked-on-mobile is-vertically-aligned-center\" style=\"grid-template-columns:40% auto\"><figure class=\"wp-block-media-text__media\"><img decoding=\"async\" width=\"240\" height=\"240\" src=\"https:\/\/attraversiamo.lu\/wp-content\/uploads\/2022\/05\/18222305-10154630522747898-7249080071170250899-n-240x240-ts1580485865.jpg\" alt=\"\" class=\"wp-image-43 size-full\" srcset=\"https:\/\/attraversiamo.lu\/wp-content\/uploads\/2022\/05\/18222305-10154630522747898-7249080071170250899-n-240x240-ts1580485865.jpg 240w, https:\/\/attraversiamo.lu\/wp-content\/uploads\/2022\/05\/18222305-10154630522747898-7249080071170250899-n-240x240-ts1580485865-150x150.jpg 150w\" sizes=\"(max-width: 240px) 100vw, 240px\" \/><\/figure><div class=\"wp-block-media-text__content\">\n<p class=\"has-large-font-size\">Anja<\/p>\n\n\n\n<p style=\"font-size:16px\">Joergang 1969.<\/p>\n\n\n\n<p style=\"font-size:16px\">Ech kommen aus D\u00e4nemark, an 1990 sinn ech fir d&#8217;\u00e9ischte K\u00e9ier op L\u00ebtzebuerg komm. Ech hunn och kuerzz\u00e4iteg, aus beruffleche Gr\u00ebnn, zu Stockholm, an zu London gewunnt. S\u00e4it dem Joer 2000 sinn ech fest hei am Land us\u00e4sseg. <\/p>\n\n\n\n<p style=\"font-size:16px\">Ech sinn e positiven an oppene M\u00ebnsch, hunn awer och e puer Naupen. Mat m\u00e9ngem Humor br\u00e9ngen ech d&#8217;Leit g\u00e4eren zum laachen. De Leit nozelauschteren a se opzemonteren l\u00e4it a m\u00e9nger Natur. Ech engag\u00e9iere mech och g\u00e4ere sozial. S\u00e4it m\u00e9nger Teenagerz\u00e4it interess\u00e9ieren ech mech fir alles wat mat Spiritualit\u00e9it ze dinn huet, a besch\u00e4ftege mech z\u00ebnter e puer Joere m\u00e9i intensiv mat Medialit\u00e9it, Intuitioun an alternative Methoden d\u00e9i d&#8216; Gesondheet \u00ebnnerst\u00ebtzen\u2026<\/p>\n\n\n\n<p><\/p>\n<\/div><\/div>\n\n\n\n<div style=\"height:40px\" aria-hidden=\"true\" class=\"wp-block-spacer\"><\/div>\n\n\n\n<p><\/p>\n","protected":false},"excerpt":{"rendered":"<p>Tanja Joergang 1970.Ech si Mamm vun dr\u00e4i Kanner, e liewensfrouen an naturverbonnene M\u00ebnsch dee g\u00e4ren seng Z\u00e4it mat l\u00e9iwe M\u00ebnsche verbr\u00e9ngt. Zanter 4 Joer widmen ech meng Fr\u00e4iz\u00e4it m\u00e9i spirituellen [&hellip;]<\/p>\n","protected":false},"author":1,"featured_media":767,"parent":0,"menu_order":0,"comment_status":"closed","ping_status":"closed","template":"","meta":{"footnotes":""},"class_list":["post-35","page","type-page","status-publish","has-post-thumbnail","hentry"],"yoast_head":"<!-- This site is optimized with the Yoast SEO plugin v27.5 - https:\/\/yoast.com\/product\/yoast-seo-wordpress\/ -->\n<title>Iwwer Eis - House of Mediumship<\/title>\n<meta name=\"description\" content=\"Eng Presentatioun vun eiser Equipe. Wee mir sinn, wat mir maachen, wat mir gel\u00e9iert hunn a wat mir g\u00e4er weider ginn.\" \/>\n<meta name=\"robots\" content=\"index, follow, max-snippet:-1, max-image-preview:large, max-video-preview:-1\" \/>\n<link rel=\"canonical\" href=\"https:\/\/attraversiamo.lu\/index.php\/iwwer-eis\/\" \/>\n<meta property=\"og:locale\" content=\"de_DE\" \/>\n<meta property=\"og:type\" content=\"article\" \/>\n<meta property=\"og:title\" content=\"Iwwer Eis\" \/>\n<meta property=\"og:description\" content=\"Eng Presentatioun vun eiser Equipe. Wee mir sinn, wat mir maachen, wat mir gel\u00e9iert hunn a wat mir g\u00e4er weider ginn.\" \/>\n<meta property=\"og:url\" content=\"https:\/\/attraversiamo.lu\/index.php\/iwwer-eis\/\" \/>\n<meta property=\"og:site_name\" content=\"House of Mediumship\" \/>\n<meta property=\"article:publisher\" content=\"https:\/\/www.facebook.com\/Attraversiamo-asbl-223369304788601\/\" \/>\n<meta property=\"article:modified_time\" content=\"2024-01-17T08:59:33+00:00\" \/>\n<meta property=\"og:image\" content=\"https:\/\/attraversiamo.lu\/wp-content\/uploads\/2022\/05\/1008421_97d3d5f0e052b8a74b9c1cb2820b32ff.jpg\" \/>\n\t<meta property=\"og:image:width\" content=\"1024\" \/>\n\t<meta property=\"og:image:height\" content=\"648\" \/>\n\t<meta property=\"og:image:type\" content=\"image\/jpeg\" \/>\n<meta name=\"twitter:card\" content=\"summary_large_image\" \/>\n<meta name=\"twitter:label1\" content=\"Gesch\u00e4tzte Lesezeit\" \/>\n\t<meta name=\"twitter:data1\" content=\"5\u00a0Minuten\" \/>\n<script type=\"application\/ld+json\" class=\"yoast-schema-graph\">{\"@context\":\"https:\\\/\\\/schema.org\",\"@graph\":[{\"@type\":\"WebPage\",\"@id\":\"https:\\\/\\\/attraversiamo.lu\\\/index.php\\\/iwwer-eis\\\/\",\"url\":\"https:\\\/\\\/attraversiamo.lu\\\/index.php\\\/iwwer-eis\\\/\",\"name\":\"Iwwer Eis - House of Mediumship\",\"isPartOf\":{\"@id\":\"https:\\\/\\\/attraversiamo.lu\\\/#website\"},\"primaryImageOfPage\":{\"@id\":\"https:\\\/\\\/attraversiamo.lu\\\/index.php\\\/iwwer-eis\\\/#primaryimage\"},\"image\":{\"@id\":\"https:\\\/\\\/attraversiamo.lu\\\/index.php\\\/iwwer-eis\\\/#primaryimage\"},\"thumbnailUrl\":\"https:\\\/\\\/attraversiamo.lu\\\/wp-content\\\/uploads\\\/2022\\\/05\\\/1008421_97d3d5f0e052b8a74b9c1cb2820b32ff.jpg\",\"datePublished\":\"2022-05-06T09:01:39+00:00\",\"dateModified\":\"2024-01-17T08:59:33+00:00\",\"description\":\"Eng Presentatioun vun eiser Equipe. Wee mir sinn, wat mir maachen, wat mir gel\u00e9iert hunn a wat mir g\u00e4er weider ginn.\",\"breadcrumb\":{\"@id\":\"https:\\\/\\\/attraversiamo.lu\\\/index.php\\\/iwwer-eis\\\/#breadcrumb\"},\"inLanguage\":\"de\",\"potentialAction\":[{\"@type\":\"ReadAction\",\"target\":[\"https:\\\/\\\/attraversiamo.lu\\\/index.php\\\/iwwer-eis\\\/\"]}]},{\"@type\":\"ImageObject\",\"inLanguage\":\"de\",\"@id\":\"https:\\\/\\\/attraversiamo.lu\\\/index.php\\\/iwwer-eis\\\/#primaryimage\",\"url\":\"https:\\\/\\\/attraversiamo.lu\\\/wp-content\\\/uploads\\\/2022\\\/05\\\/1008421_97d3d5f0e052b8a74b9c1cb2820b32ff.jpg\",\"contentUrl\":\"https:\\\/\\\/attraversiamo.lu\\\/wp-content\\\/uploads\\\/2022\\\/05\\\/1008421_97d3d5f0e052b8a74b9c1cb2820b32ff.jpg\",\"width\":1024,\"height\":648},{\"@type\":\"BreadcrumbList\",\"@id\":\"https:\\\/\\\/attraversiamo.lu\\\/index.php\\\/iwwer-eis\\\/#breadcrumb\",\"itemListElement\":[{\"@type\":\"ListItem\",\"position\":1,\"name\":\"Startseite\",\"item\":\"https:\\\/\\\/attraversiamo.lu\\\/\"},{\"@type\":\"ListItem\",\"position\":2,\"name\":\"Iwwer Eis\"}]},{\"@type\":\"WebSite\",\"@id\":\"https:\\\/\\\/attraversiamo.lu\\\/#website\",\"url\":\"https:\\\/\\\/attraversiamo.lu\\\/\",\"name\":\"House of Mediumship\",\"description\":\"by Attraversiamo asbl\",\"publisher\":{\"@id\":\"https:\\\/\\\/attraversiamo.lu\\\/#organization\"},\"potentialAction\":[{\"@type\":\"SearchAction\",\"target\":{\"@type\":\"EntryPoint\",\"urlTemplate\":\"https:\\\/\\\/attraversiamo.lu\\\/?s={search_term_string}\"},\"query-input\":{\"@type\":\"PropertyValueSpecification\",\"valueRequired\":true,\"valueName\":\"search_term_string\"}}],\"inLanguage\":\"de\"},{\"@type\":\"Organization\",\"@id\":\"https:\\\/\\\/attraversiamo.lu\\\/#organization\",\"name\":\"Attraversiamo asbl\",\"url\":\"https:\\\/\\\/attraversiamo.lu\\\/\",\"logo\":{\"@type\":\"ImageObject\",\"inLanguage\":\"de\",\"@id\":\"https:\\\/\\\/attraversiamo.lu\\\/#\\\/schema\\\/logo\\\/image\\\/\",\"url\":\"https:\\\/\\\/attraversiamo.lu\\\/wp-content\\\/uploads\\\/2022\\\/05\\\/logo-1.png\",\"contentUrl\":\"https:\\\/\\\/attraversiamo.lu\\\/wp-content\\\/uploads\\\/2022\\\/05\\\/logo-1.png\",\"width\":260,\"height\":132,\"caption\":\"Attraversiamo asbl\"},\"image\":{\"@id\":\"https:\\\/\\\/attraversiamo.lu\\\/#\\\/schema\\\/logo\\\/image\\\/\"},\"sameAs\":[\"https:\\\/\\\/www.facebook.com\\\/Attraversiamo-asbl-223369304788601\\\/\"]}]}<\/script>\n<!-- \/ Yoast SEO plugin. -->","yoast_head_json":{"title":"Iwwer Eis - House of Mediumship","description":"Eng Presentatioun vun eiser Equipe. Wee mir sinn, wat mir maachen, wat mir gel\u00e9iert hunn a wat mir g\u00e4er weider ginn.","robots":{"index":"index","follow":"follow","max-snippet":"max-snippet:-1","max-image-preview":"max-image-preview:large","max-video-preview":"max-video-preview:-1"},"canonical":"https:\/\/attraversiamo.lu\/index.php\/iwwer-eis\/","og_locale":"de_DE","og_type":"article","og_title":"Iwwer Eis","og_description":"Eng Presentatioun vun eiser Equipe. Wee mir sinn, wat mir maachen, wat mir gel\u00e9iert hunn a wat mir g\u00e4er weider ginn.","og_url":"https:\/\/attraversiamo.lu\/index.php\/iwwer-eis\/","og_site_name":"House of Mediumship","article_publisher":"https:\/\/www.facebook.com\/Attraversiamo-asbl-223369304788601\/","article_modified_time":"2024-01-17T08:59:33+00:00","og_image":[{"width":1024,"height":648,"url":"https:\/\/attraversiamo.lu\/wp-content\/uploads\/2022\/05\/1008421_97d3d5f0e052b8a74b9c1cb2820b32ff.jpg","type":"image\/jpeg"}],"twitter_card":"summary_large_image","twitter_misc":{"Gesch\u00e4tzte Lesezeit":"5\u00a0Minuten"},"schema":{"@context":"https:\/\/schema.org","@graph":[{"@type":"WebPage","@id":"https:\/\/attraversiamo.lu\/index.php\/iwwer-eis\/","url":"https:\/\/attraversiamo.lu\/index.php\/iwwer-eis\/","name":"Iwwer Eis - House of Mediumship","isPartOf":{"@id":"https:\/\/attraversiamo.lu\/#website"},"primaryImageOfPage":{"@id":"https:\/\/attraversiamo.lu\/index.php\/iwwer-eis\/#primaryimage"},"image":{"@id":"https:\/\/attraversiamo.lu\/index.php\/iwwer-eis\/#primaryimage"},"thumbnailUrl":"https:\/\/attraversiamo.lu\/wp-content\/uploads\/2022\/05\/1008421_97d3d5f0e052b8a74b9c1cb2820b32ff.jpg","datePublished":"2022-05-06T09:01:39+00:00","dateModified":"2024-01-17T08:59:33+00:00","description":"Eng Presentatioun vun eiser Equipe. Wee mir sinn, wat mir maachen, wat mir gel\u00e9iert hunn a wat mir g\u00e4er weider ginn.","breadcrumb":{"@id":"https:\/\/attraversiamo.lu\/index.php\/iwwer-eis\/#breadcrumb"},"inLanguage":"de","potentialAction":[{"@type":"ReadAction","target":["https:\/\/attraversiamo.lu\/index.php\/iwwer-eis\/"]}]},{"@type":"ImageObject","inLanguage":"de","@id":"https:\/\/attraversiamo.lu\/index.php\/iwwer-eis\/#primaryimage","url":"https:\/\/attraversiamo.lu\/wp-content\/uploads\/2022\/05\/1008421_97d3d5f0e052b8a74b9c1cb2820b32ff.jpg","contentUrl":"https:\/\/attraversiamo.lu\/wp-content\/uploads\/2022\/05\/1008421_97d3d5f0e052b8a74b9c1cb2820b32ff.jpg","width":1024,"height":648},{"@type":"BreadcrumbList","@id":"https:\/\/attraversiamo.lu\/index.php\/iwwer-eis\/#breadcrumb","itemListElement":[{"@type":"ListItem","position":1,"name":"Startseite","item":"https:\/\/attraversiamo.lu\/"},{"@type":"ListItem","position":2,"name":"Iwwer Eis"}]},{"@type":"WebSite","@id":"https:\/\/attraversiamo.lu\/#website","url":"https:\/\/attraversiamo.lu\/","name":"House of Mediumship","description":"by Attraversiamo asbl","publisher":{"@id":"https:\/\/attraversiamo.lu\/#organization"},"potentialAction":[{"@type":"SearchAction","target":{"@type":"EntryPoint","urlTemplate":"https:\/\/attraversiamo.lu\/?s={search_term_string}"},"query-input":{"@type":"PropertyValueSpecification","valueRequired":true,"valueName":"search_term_string"}}],"inLanguage":"de"},{"@type":"Organization","@id":"https:\/\/attraversiamo.lu\/#organization","name":"Attraversiamo asbl","url":"https:\/\/attraversiamo.lu\/","logo":{"@type":"ImageObject","inLanguage":"de","@id":"https:\/\/attraversiamo.lu\/#\/schema\/logo\/image\/","url":"https:\/\/attraversiamo.lu\/wp-content\/uploads\/2022\/05\/logo-1.png","contentUrl":"https:\/\/attraversiamo.lu\/wp-content\/uploads\/2022\/05\/logo-1.png","width":260,"height":132,"caption":"Attraversiamo asbl"},"image":{"@id":"https:\/\/attraversiamo.lu\/#\/schema\/logo\/image\/"},"sameAs":["https:\/\/www.facebook.com\/Attraversiamo-asbl-223369304788601\/"]}]}},"_links":{"self":[{"href":"https:\/\/attraversiamo.lu\/index.php\/wp-json\/wp\/v2\/pages\/35","targetHints":{"allow":["GET"]}}],"collection":[{"href":"https:\/\/attraversiamo.lu\/index.php\/wp-json\/wp\/v2\/pages"}],"about":[{"href":"https:\/\/attraversiamo.lu\/index.php\/wp-json\/wp\/v2\/types\/page"}],"author":[{"embeddable":true,"href":"https:\/\/attraversiamo.lu\/index.php\/wp-json\/wp\/v2\/users\/1"}],"replies":[{"embeddable":true,"href":"https:\/\/attraversiamo.lu\/index.php\/wp-json\/wp\/v2\/comments?post=35"}],"version-history":[{"count":4,"href":"https:\/\/attraversiamo.lu\/index.php\/wp-json\/wp\/v2\/pages\/35\/revisions"}],"predecessor-version":[{"id":799,"href":"https:\/\/attraversiamo.lu\/index.php\/wp-json\/wp\/v2\/pages\/35\/revisions\/799"}],"wp:featuredmedia":[{"embeddable":true,"href":"https:\/\/attraversiamo.lu\/index.php\/wp-json\/wp\/v2\/media\/767"}],"wp:attachment":[{"href":"https:\/\/attraversiamo.lu\/index.php\/wp-json\/wp\/v2\/media?parent=35"}],"curies":[{"name":"wp","href":"https:\/\/api.w.org\/{rel}","templated":true}]}}