{"id":60,"date":"2022-05-06T11:29:01","date_gmt":"2022-05-06T09:29:01","guid":{"rendered":"https:\/\/attraversiamo.lu\/?page_id=60"},"modified":"2024-01-17T09:39:28","modified_gmt":"2024-01-17T08:39:28","slug":"impressum","status":"publish","type":"page","link":"https:\/\/attraversiamo.lu\/index.php\/impressum\/","title":{"rendered":"Impressum"},"content":{"rendered":"\n<div style=\"height:30px\" aria-hidden=\"true\" class=\"wp-block-spacer\"><\/div>\n\n\n\n<p>Impressum \/ Datenschutz \/ AGB<br>Attraversiamo a.s.b.l.<br>5, Cit\u00e9<br>L-7592 Beringen \/ Mersch<\/p>\n\n\n\n<p>RCS Nummer F11084<br>Referenz L160237608<\/p>\n\n\n\n<p>Haftung f\u00fcr Inhalte<br>Die Inhalte unserer Seiten wurden mit gr\u00f6\u00dfter Sorgfalt erstellt. F\u00fcr die Richtigkeit, Vollst\u00e4ndigkeit und Aktualit\u00e4t der Inhalte k\u00f6nnen wir jedoch keine Gew\u00e4hr \u00fcbernehmen. Wir verpflichten uns, \u00fcbermittelte oder gespeicherte fremde Informationen zu \u00fcberwachen oder nach Umst\u00e4nden zu forschen, die auf eine rechtswidrige T\u00e4tigkeit hinweisen. Verpflichtungen zur Entfernung oder Sperrung der Nutzung von Informationen nach den allgemeinen Gesetzen bleiben hiervon unber\u00fchrt. Eine diesbez\u00fcgliche Haftung ist jedoch erst ab dem Zeitpunkt der Kenntnis einer konkreten Rechtsverletzung m\u00f6glich. Bei Bekanntwerden von entsprechenden Rechtsverletzungen werden wir diese Inhalte umgehend entfernen.<\/p>\n\n\n\n<p>Datenschutz<br>Die Nutzung unserer Webseite ist in der Regel ohne eine Angabe personenbezogener Daten m\u00f6glich. Soweit auf unseren Seiten personenbezogene Daten (beispielsweise Name, Anschrift oder E-Mail-Adresse) erhoben werden, erfolgt dies \u2013 soweit es m\u00f6glich ist\u2013 immer auf freiwilliger Basis. Wir geben Ihre Daten ohne Ihre ausdr\u00fcckliche Zustimmung nicht an Dritte weiter. Au\u00dferdem weisen wir Sie darauf hin, dass die Daten\u00fcbertragung im Internet (wie beispielsweise bei der Kommunikation \u00fcber E-Mail) Sicherheitsl\u00fccken aufweisen kann. Denn ein l\u00fcckenloser Schutz der Daten vor dem Zugriff durch Dritte ist nicht m\u00f6glich. Wir widersprechen hiermit ausdr\u00fccklich der Nutzung von im Rahmen der Impressumspflicht ver\u00f6ffentlichten Kontaktdaten durch Dritte zur \u00dcbersendung von nicht ausdr\u00fccklich angeforderter Werbung und Informationsmaterialien. Die Betreiber dieser Seiten behalten sich ausdr\u00fccklich vor, im Fall der unverlangten Zusendung von Werbeinformationen, etwa durch Spam-Mails, rechtliche Schritte einzuleiten.<\/p>\n\n\n\n<p>Google Analytics<br>Diese Website benutzt Google Analytics, einen Webanalysedienst der Google Inc. (&#8220;Google&#8220;). Google Analytics verwendet sog. &#8220;Cookies&#8220;, Textdateien, die auf Ihrem Computer gespeichert werden und die eine Analyse der Benutzung der Website durch Sie erm\u00f6glicht. Die durch den Cookie erzeugten Informationen \u00fcber Ihre Benutzung diese Website (einschlie\u00dflich Ihrer IP-Adresse) wird an einen Server von Google in den USA \u00fcbertragen und dort gespeichert. Google wird diese Informationen benutzen, um Ihre Nutzung der Website auszuwerten, um Reports \u00fcber die Websiteaktivit\u00e4ten f\u00fcr die Websitebetreiber zusammenzustellen und um weitere mit der Websitenutzung und der Internetnutzung verbutungen zu erbringen. Auch wird Google diese Informationen gegebenenfalls an Dritte \u00fcbertragen, sofern dies gesetzlich vorgeschrieben oder soweit Dritte diese Daten im Auftrag von Google verarbeiten. Google wird in keinem Fall Ihre IP-Adresse mit anderen Daten der Google in Verbindung bringen. Sie k\u00f6nnen die Installation der Cookies durch eine entsprechende Einstellung Ihrer Browser Software verhindern; wir weisen Sie jedoch darauf hin, dass Sie in diesem Fall gegebenenfalls nicht s\u00e4mtliche Funktionen dieser Website voll umf\u00e4nglich nutzen k\u00f6nnen. Durch die Nutzung dieser Website erkl\u00e4ren Sie sich mit der Bearbeitung der \u00fcber Sie erhobenen Daten durch Google in der zuvor beschriebenen Art und Weise und zu dem zuvor benannten Zweck einverstanden. Sie k\u00f6nnen der Erhebung und Speicherung Ihrer Daten jederzeit widersprechen.<\/p>\n\n\n\n<p>Allgemeine Gesch\u00e4ftsbedingungen<br>Auf Grundlage dieser Allgemeinen Gesch\u00e4ftsbedingungen (AGB) kommt zwischen dem Kunden und<br>Attraversiamo a.s.b.l.<br>Vertreten durch Tanja Albonetti<br>Adresse: 5, rue Marie Curie L-8231 Mamer<br>E-Mail-Adresse: comite@attraversiamo.lu<\/p>\n\n\n\n<p>Handelsregisternummer: RCS F11084<br>, nachfolgend Anbieter genannt, der Vertrag zustande.<br>Vertragsgegenstand<\/p>\n\n\n\n<p>Durch diesen Vertrag wird der Verkauf von Dienstleistungen \u00fcber den Online-Shop des Anbieters geregelt. Wegen der Details des jeweiligen Angebotes wird auf die Produktbeschreibung der Angebotsseite verwiesen.<\/p>\n\n\n\n<p>Vertragsschluss<br>Der Vertrag kommt ausschlie\u00dflich im elektronischen Gesch\u00e4ftsverkehr \u00fcber das Shop-System zustande. Dabei stellen die dargestellten Angebote eine unverbindliche Aufforderung zur Abgabe eines Angebots durch die Kundenbestellung dar, das der Anbieter dann annehmen kann. Der Bestellvorgang zum Vertragsschluss umfasst im Shop-System folgende Schritte:<br>Auswahl des Angebots in der gew\u00fcnschten Spezifikation (Datum, Ort)<br>Bet\u00e4tigen des Buttons &#8218;bestellen&#8216;<br>Mit der Zusendung der Bestellbest\u00e4tigung kommt der Vertrag zustande.<\/p>\n\n\n\n<p>Vertragsdauer<br>Der Vertrag wird auf unbestimmte Zeit geschlossen.<\/p>\n\n\n\n<p>Preise, Versandkosten, R\u00fccksendekosten<br>Alle Preise sind Endpreise und enthalten die gesetzliche Umsatzsteuer. Neben den Endpreisen fallen je nach Versandart weitere Kosten an, die vor Versendung der Bestellung angezeigt werden. Besteht ein Widerrufsrecht und wird von diesem Gebraucht gemacht, tr\u00e4gt der Kunde die Kosten der R\u00fccksendung.<\/p>\n\n\n\n<p>Zahlungsbedingungen<br>Der Kunde hat ausschlie\u00dflich folgende M\u00f6glichkeiten zur Zahlung: Zahlungsdienstleister (PayPal). Weitere Zahlungsarten werden nicht angeboten und werden zur\u00fcckgewiesen.<br>Bei Verwendung eines Treuhandservice\/ Zahlungsdienstleisters erm\u00f6glicht es dieser dem Anbieter und Kunden, die Zahlung untereinander abzuwickeln. Dabei leitet der Treuhandservice\/ Zahlungsdienstleister die Zahlung des Kunden an den Anbieter weiter. Weitere Informationen erhalten Sie auf der Internetseite des jeweiligen Treuhandservices\/ Zahlungsdienstleisters. Der Kunde ist verpflichtet innerhalb von 1 Tagen nach Erhalt der Rechnung den ausgewiesenen Betrag auf das auf der Rechnung angegebene Konto einzuzahlen oder zu \u00fcberweisen. Die Zahlung ist ab Rechnungsdatum ohne Abzug f\u00e4llig. Der Kunde kommt erst nach Mahnung in Verzug.<\/p>\n\n\n\n<p>Lieferbedingungen<br>Die Dienstleistung wird nach vordefiniertem Datum in Anspruch genommen.<\/p>\n\n\n\n<p>Vertragsgestaltung<br>Der Kunde hat keine M\u00f6glichkeit selbst direkt auf den gespeicherten Vertragstext zuzugreifen.<\/p>\n\n\n\n<p>Widerrufsrecht und Kundendienst<br>Auf die Kunden, die Unternehmer sind, sind die Vorschriften f\u00fcr Fernabsatzvertr\u00e4ge nicht anwendbar. Daher steht diesen Kunden kein entsprechendes Widerrufsrecht wegen Fernabsatzvertrag zu. Der Anbieter r\u00e4umt ein solches auch nicht ein.<\/p>\n\n\n\n<p>Sprache, Gerichtsstand und anzuwendendes Recht<br>Der Vertrag wird in Deutsch abgefasst. Die weitere Durchf\u00fchrung der Vertragsbeziehung erfolgt in Deutsch. Es findet ausschlie\u00dflich das Recht des Landes Luxembourg Anwendung. F\u00fcr Verbraucher gilt dies nur insoweit, als dadurch keine gesetzlichen Bestimmungen des Staates eingeschr\u00e4nkt werden, in dem der Kunde seinen Wohnsitz oder gew\u00f6hnlichen Aufenthalt hat.<\/p>\n\n\n\n<div style=\"height:30px\" aria-hidden=\"true\" class=\"wp-block-spacer\"><\/div>\n","protected":false},"excerpt":{"rendered":"<p>Impressum \/ Datenschutz \/ AGBAttraversiamo a.s.b.l.5, Cit\u00e9L-7592 Beringen \/ Mersch RCS Nummer F11084Referenz L160237608 Haftung f\u00fcr InhalteDie Inhalte unserer Seiten wurden mit gr\u00f6\u00dfter Sorgfalt erstellt. F\u00fcr die Richtigkeit, Vollst\u00e4ndigkeit und [&hellip;]<\/p>\n","protected":false},"author":1,"featured_media":0,"parent":0,"menu_order":0,"comment_status":"closed","ping_status":"closed","template":"","meta":{"footnotes":""},"class_list":["post-60","page","type-page","status-publish","hentry"],"yoast_head":"<!-- This site is optimized with the Yoast SEO plugin v27.5 - https:\/\/yoast.com\/product\/yoast-seo-wordpress\/ -->\n<title>Impressum - House of Mediumship<\/title>\n<meta name=\"robots\" content=\"index, follow, max-snippet:-1, max-image-preview:large, max-video-preview:-1\" \/>\n<link rel=\"canonical\" href=\"https:\/\/attraversiamo.lu\/index.php\/impressum\/\" \/>\n<meta property=\"og:locale\" content=\"de_DE\" \/>\n<meta property=\"og:type\" content=\"article\" \/>\n<meta property=\"og:title\" content=\"Impressum - House of Mediumship\" \/>\n<meta property=\"og:description\" content=\"Impressum \/ Datenschutz \/ AGBAttraversiamo a.s.b.l.5, Cit\u00e9L-7592 Beringen \/ Mersch RCS Nummer F11084Referenz L160237608 Haftung f\u00fcr InhalteDie Inhalte unserer Seiten wurden mit gr\u00f6\u00dfter Sorgfalt erstellt. F\u00fcr die Richtigkeit, Vollst\u00e4ndigkeit und [&hellip;]\" \/>\n<meta property=\"og:url\" content=\"https:\/\/attraversiamo.lu\/index.php\/impressum\/\" \/>\n<meta property=\"og:site_name\" content=\"House of Mediumship\" \/>\n<meta property=\"article:publisher\" content=\"https:\/\/www.facebook.com\/Attraversiamo-asbl-223369304788601\/\" \/>\n<meta property=\"article:modified_time\" content=\"2024-01-17T08:39:28+00:00\" \/>\n<meta property=\"og:image\" content=\"https:\/\/attraversiamo.lu\/wp-content\/uploads\/2022\/05\/logo-1-e1652011505963.png\" \/>\n\t<meta property=\"og:image:width\" content=\"100\" \/>\n\t<meta property=\"og:image:height\" content=\"34\" \/>\n\t<meta property=\"og:image:type\" content=\"image\/png\" \/>\n<meta name=\"twitter:card\" content=\"summary_large_image\" \/>\n<meta name=\"twitter:label1\" content=\"Gesch\u00e4tzte Lesezeit\" \/>\n\t<meta name=\"twitter:data1\" content=\"4\u00a0Minuten\" \/>\n<script type=\"application\/ld+json\" class=\"yoast-schema-graph\">{\"@context\":\"https:\\\/\\\/schema.org\",\"@graph\":[{\"@type\":\"WebPage\",\"@id\":\"https:\\\/\\\/attraversiamo.lu\\\/index.php\\\/impressum\\\/\",\"url\":\"https:\\\/\\\/attraversiamo.lu\\\/index.php\\\/impressum\\\/\",\"name\":\"Impressum - House of Mediumship\",\"isPartOf\":{\"@id\":\"https:\\\/\\\/attraversiamo.lu\\\/#website\"},\"datePublished\":\"2022-05-06T09:29:01+00:00\",\"dateModified\":\"2024-01-17T08:39:28+00:00\",\"breadcrumb\":{\"@id\":\"https:\\\/\\\/attraversiamo.lu\\\/index.php\\\/impressum\\\/#breadcrumb\"},\"inLanguage\":\"de\",\"potentialAction\":[{\"@type\":\"ReadAction\",\"target\":[\"https:\\\/\\\/attraversiamo.lu\\\/index.php\\\/impressum\\\/\"]}]},{\"@type\":\"BreadcrumbList\",\"@id\":\"https:\\\/\\\/attraversiamo.lu\\\/index.php\\\/impressum\\\/#breadcrumb\",\"itemListElement\":[{\"@type\":\"ListItem\",\"position\":1,\"name\":\"Startseite\",\"item\":\"https:\\\/\\\/attraversiamo.lu\\\/\"},{\"@type\":\"ListItem\",\"position\":2,\"name\":\"Impressum\"}]},{\"@type\":\"WebSite\",\"@id\":\"https:\\\/\\\/attraversiamo.lu\\\/#website\",\"url\":\"https:\\\/\\\/attraversiamo.lu\\\/\",\"name\":\"House of Mediumship\",\"description\":\"by Attraversiamo asbl\",\"publisher\":{\"@id\":\"https:\\\/\\\/attraversiamo.lu\\\/#organization\"},\"potentialAction\":[{\"@type\":\"SearchAction\",\"target\":{\"@type\":\"EntryPoint\",\"urlTemplate\":\"https:\\\/\\\/attraversiamo.lu\\\/?s={search_term_string}\"},\"query-input\":{\"@type\":\"PropertyValueSpecification\",\"valueRequired\":true,\"valueName\":\"search_term_string\"}}],\"inLanguage\":\"de\"},{\"@type\":\"Organization\",\"@id\":\"https:\\\/\\\/attraversiamo.lu\\\/#organization\",\"name\":\"Attraversiamo asbl\",\"url\":\"https:\\\/\\\/attraversiamo.lu\\\/\",\"logo\":{\"@type\":\"ImageObject\",\"inLanguage\":\"de\",\"@id\":\"https:\\\/\\\/attraversiamo.lu\\\/#\\\/schema\\\/logo\\\/image\\\/\",\"url\":\"https:\\\/\\\/attraversiamo.lu\\\/wp-content\\\/uploads\\\/2022\\\/05\\\/logo-1.png\",\"contentUrl\":\"https:\\\/\\\/attraversiamo.lu\\\/wp-content\\\/uploads\\\/2022\\\/05\\\/logo-1.png\",\"width\":260,\"height\":132,\"caption\":\"Attraversiamo asbl\"},\"image\":{\"@id\":\"https:\\\/\\\/attraversiamo.lu\\\/#\\\/schema\\\/logo\\\/image\\\/\"},\"sameAs\":[\"https:\\\/\\\/www.facebook.com\\\/Attraversiamo-asbl-223369304788601\\\/\"]}]}<\/script>\n<!-- \/ Yoast SEO plugin. -->","yoast_head_json":{"title":"Impressum - House of Mediumship","robots":{"index":"index","follow":"follow","max-snippet":"max-snippet:-1","max-image-preview":"max-image-preview:large","max-video-preview":"max-video-preview:-1"},"canonical":"https:\/\/attraversiamo.lu\/index.php\/impressum\/","og_locale":"de_DE","og_type":"article","og_title":"Impressum - House of Mediumship","og_description":"Impressum \/ Datenschutz \/ AGBAttraversiamo a.s.b.l.5, Cit\u00e9L-7592 Beringen \/ Mersch RCS Nummer F11084Referenz L160237608 Haftung f\u00fcr InhalteDie Inhalte unserer Seiten wurden mit gr\u00f6\u00dfter Sorgfalt erstellt. F\u00fcr die Richtigkeit, Vollst\u00e4ndigkeit und [&hellip;]","og_url":"https:\/\/attraversiamo.lu\/index.php\/impressum\/","og_site_name":"House of Mediumship","article_publisher":"https:\/\/www.facebook.com\/Attraversiamo-asbl-223369304788601\/","article_modified_time":"2024-01-17T08:39:28+00:00","og_image":[{"width":100,"height":34,"url":"https:\/\/attraversiamo.lu\/wp-content\/uploads\/2022\/05\/logo-1-e1652011505963.png","type":"image\/png"}],"twitter_card":"summary_large_image","twitter_misc":{"Gesch\u00e4tzte Lesezeit":"4\u00a0Minuten"},"schema":{"@context":"https:\/\/schema.org","@graph":[{"@type":"WebPage","@id":"https:\/\/attraversiamo.lu\/index.php\/impressum\/","url":"https:\/\/attraversiamo.lu\/index.php\/impressum\/","name":"Impressum - House of Mediumship","isPartOf":{"@id":"https:\/\/attraversiamo.lu\/#website"},"datePublished":"2022-05-06T09:29:01+00:00","dateModified":"2024-01-17T08:39:28+00:00","breadcrumb":{"@id":"https:\/\/attraversiamo.lu\/index.php\/impressum\/#breadcrumb"},"inLanguage":"de","potentialAction":[{"@type":"ReadAction","target":["https:\/\/attraversiamo.lu\/index.php\/impressum\/"]}]},{"@type":"BreadcrumbList","@id":"https:\/\/attraversiamo.lu\/index.php\/impressum\/#breadcrumb","itemListElement":[{"@type":"ListItem","position":1,"name":"Startseite","item":"https:\/\/attraversiamo.lu\/"},{"@type":"ListItem","position":2,"name":"Impressum"}]},{"@type":"WebSite","@id":"https:\/\/attraversiamo.lu\/#website","url":"https:\/\/attraversiamo.lu\/","name":"House of Mediumship","description":"by Attraversiamo asbl","publisher":{"@id":"https:\/\/attraversiamo.lu\/#organization"},"potentialAction":[{"@type":"SearchAction","target":{"@type":"EntryPoint","urlTemplate":"https:\/\/attraversiamo.lu\/?s={search_term_string}"},"query-input":{"@type":"PropertyValueSpecification","valueRequired":true,"valueName":"search_term_string"}}],"inLanguage":"de"},{"@type":"Organization","@id":"https:\/\/attraversiamo.lu\/#organization","name":"Attraversiamo asbl","url":"https:\/\/attraversiamo.lu\/","logo":{"@type":"ImageObject","inLanguage":"de","@id":"https:\/\/attraversiamo.lu\/#\/schema\/logo\/image\/","url":"https:\/\/attraversiamo.lu\/wp-content\/uploads\/2022\/05\/logo-1.png","contentUrl":"https:\/\/attraversiamo.lu\/wp-content\/uploads\/2022\/05\/logo-1.png","width":260,"height":132,"caption":"Attraversiamo asbl"},"image":{"@id":"https:\/\/attraversiamo.lu\/#\/schema\/logo\/image\/"},"sameAs":["https:\/\/www.facebook.com\/Attraversiamo-asbl-223369304788601\/"]}]}},"_links":{"self":[{"href":"https:\/\/attraversiamo.lu\/index.php\/wp-json\/wp\/v2\/pages\/60","targetHints":{"allow":["GET"]}}],"collection":[{"href":"https:\/\/attraversiamo.lu\/index.php\/wp-json\/wp\/v2\/pages"}],"about":[{"href":"https:\/\/attraversiamo.lu\/index.php\/wp-json\/wp\/v2\/types\/page"}],"author":[{"embeddable":true,"href":"https:\/\/attraversiamo.lu\/index.php\/wp-json\/wp\/v2\/users\/1"}],"replies":[{"embeddable":true,"href":"https:\/\/attraversiamo.lu\/index.php\/wp-json\/wp\/v2\/comments?post=60"}],"version-history":[{"count":2,"href":"https:\/\/attraversiamo.lu\/index.php\/wp-json\/wp\/v2\/pages\/60\/revisions"}],"predecessor-version":[{"id":798,"href":"https:\/\/attraversiamo.lu\/index.php\/wp-json\/wp\/v2\/pages\/60\/revisions\/798"}],"wp:attachment":[{"href":"https:\/\/attraversiamo.lu\/index.php\/wp-json\/wp\/v2\/media?parent=60"}],"curies":[{"name":"wp","href":"https:\/\/api.w.org\/{rel}","templated":true}]}}